{"id":15,"date":"2024-03-17T20:20:27","date_gmt":"2024-03-17T19:20:27","guid":{"rendered":"http:\/\/fricheavenue.fr\/index.php\/contact-us\/"},"modified":"2025-01-07T01:09:18","modified_gmt":"2025-01-07T00:09:18","slug":"contact-us","status":"publish","type":"page","link":"https:\/\/fricheavenue.fr\/index.php\/contact-us\/","title":{"rendered":"Contact Us"},"content":{"rendered":"\t\t<div data-elementor-type=\"wp-page\" data-elementor-id=\"15\" class=\"elementor elementor-15\">\n\t\t\t\t<div class=\"elementor-element elementor-element-24c16cf6 e-flex e-con-boxed e-con e-parent\" data-id=\"24c16cf6\" data-element_type=\"container\" data-core-v316-plus=\"true\">\n\t\t\t\t\t<div class=\"e-con-inner\">\n\t\t<div class=\"elementor-element elementor-element-71f79242 e-con-full e-flex e-con e-child\" data-id=\"71f79242\" data-element_type=\"container\">\n\t\t\t\t<div class=\"elementor-element elementor-element-4083a1f8 elementor-invisible elementor-widget elementor-widget-heading\" data-id=\"4083a1f8\" data-element_type=\"widget\" data-settings=\"{&quot;_animation&quot;:&quot;fadeIn&quot;}\" data-widget_type=\"heading.default\">\n\t\t\t\t<div class=\"elementor-widget-container\">\n\t\t\t<style>\/*! elementor - v3.20.0 - 26-03-2024 *\/\n.elementor-heading-title{padding:0;margin:0;line-height:1}.elementor-widget-heading .elementor-heading-title[class*=elementor-size-]>a{color:inherit;font-size:inherit;line-height:inherit}.elementor-widget-heading .elementor-heading-title.elementor-size-small{font-size:15px}.elementor-widget-heading .elementor-heading-title.elementor-size-medium{font-size:19px}.elementor-widget-heading .elementor-heading-title.elementor-size-large{font-size:29px}.elementor-widget-heading .elementor-heading-title.elementor-size-xl{font-size:39px}.elementor-widget-heading .elementor-heading-title.elementor-size-xxl{font-size:59px}<\/style><h2 class=\"elementor-heading-title elementor-size-default\">Contactez nous<\/h2>\t\t<\/div>\n\t\t\t\t<\/div>\n\t\t\t\t<div class=\"elementor-element elementor-element-6eec4499 elementor-widget elementor-widget-text-editor\" data-id=\"6eec4499\" data-element_type=\"widget\" data-widget_type=\"text-editor.default\">\n\t\t\t\t<div class=\"elementor-widget-container\">\n\t\t\t<style>\/*! elementor - v3.20.0 - 26-03-2024 *\/\n.elementor-widget-text-editor.elementor-drop-cap-view-stacked .elementor-drop-cap{background-color:#69727d;color:#fff}.elementor-widget-text-editor.elementor-drop-cap-view-framed .elementor-drop-cap{color:#69727d;border:3px solid;background-color:transparent}.elementor-widget-text-editor:not(.elementor-drop-cap-view-default) .elementor-drop-cap{margin-top:8px}.elementor-widget-text-editor:not(.elementor-drop-cap-view-default) .elementor-drop-cap-letter{width:1em;height:1em}.elementor-widget-text-editor .elementor-drop-cap{float:left;text-align:center;line-height:1;font-size:50px}.elementor-widget-text-editor .elementor-drop-cap-letter{display:inline-block}<\/style>\t\t\t\t<p>Nous serions ravis d&rsquo;avoir de vos nouvelles.<br \/>N&rsquo;h\u00e9sitez pas \u00e0 nous contacter en utilisant les coordonn\u00e9es ci-dessous.<\/p>\t\t\t\t\t\t<\/div>\n\t\t\t\t<\/div>\n\t\t\t\t<\/div>\n\t\t<div class=\"elementor-element elementor-element-68890400 e-con-full e-flex e-con e-child\" data-id=\"68890400\" data-element_type=\"container\" data-settings=\"{&quot;background_background&quot;:&quot;classic&quot;}\">\n\t\t\t\t<div class=\"elementor-element elementor-element-fc63172 elementor-widget elementor-widget-image\" data-id=\"fc63172\" data-element_type=\"widget\" data-widget_type=\"image.default\">\n\t\t\t\t<div class=\"elementor-widget-container\">\n\t\t\t<style>\/*! elementor - v3.20.0 - 26-03-2024 *\/\n.elementor-widget-image{text-align:center}.elementor-widget-image a{display:inline-block}.elementor-widget-image a img[src$=\".svg\"]{width:48px}.elementor-widget-image img{vertical-align:middle;display:inline-block}<\/style>\t\t\t\t\t\t\t\t\t\t<img fetchpriority=\"high\" decoding=\"async\" width=\"683\" height=\"1024\" src=\"https:\/\/fricheavenue.fr\/wp-content\/uploads\/2024\/03\/meilleur-restaurant-pantin-pizza-a-emporter-pantin-livraison-pizza-pantin-friche-avenue-683x1024.jpeg\" class=\"attachment-large size-large wp-image-61\" alt=\"friche restaurant pantin\" srcset=\"https:\/\/fricheavenue.fr\/wp-content\/uploads\/2024\/03\/meilleur-restaurant-pantin-pizza-a-emporter-pantin-livraison-pizza-pantin-friche-avenue-683x1024.jpeg 683w, https:\/\/fricheavenue.fr\/wp-content\/uploads\/2024\/03\/meilleur-restaurant-pantin-pizza-a-emporter-pantin-livraison-pizza-pantin-friche-avenue-200x300.jpeg 200w, https:\/\/fricheavenue.fr\/wp-content\/uploads\/2024\/03\/meilleur-restaurant-pantin-pizza-a-emporter-pantin-livraison-pizza-pantin-friche-avenue-768x1152.jpeg 768w, https:\/\/fricheavenue.fr\/wp-content\/uploads\/2024\/03\/meilleur-restaurant-pantin-pizza-a-emporter-pantin-livraison-pizza-pantin-friche-avenue-1024x1536.jpeg 1024w, https:\/\/fricheavenue.fr\/wp-content\/uploads\/2024\/03\/meilleur-restaurant-pantin-pizza-a-emporter-pantin-livraison-pizza-pantin-friche-avenue-1365x2048.jpeg 1365w, https:\/\/fricheavenue.fr\/wp-content\/uploads\/2024\/03\/meilleur-restaurant-pantin-pizza-a-emporter-pantin-livraison-pizza-pantin-friche-avenue-scaled.jpeg 1707w\" sizes=\"(max-width: 683px) 100vw, 683px\" \/>\t\t\t\t\t\t\t\t\t\t\t\t\t<\/div>\n\t\t\t\t<\/div>\n\t\t\t\t<\/div>\n\t\t\t\t\t<\/div>\n\t\t\t\t<\/div>\n\t\t<div class=\"elementor-element elementor-element-2696f443 e-flex e-con-boxed e-con e-parent\" data-id=\"2696f443\" data-element_type=\"container\" data-core-v316-plus=\"true\">\n\t\t\t\t\t<div class=\"e-con-inner\">\n\t\t<div class=\"elementor-element elementor-element-11889d7b e-con-full e-flex e-con e-child\" data-id=\"11889d7b\" data-element_type=\"container\" data-settings=\"{&quot;background_background&quot;:&quot;classic&quot;}\">\n\t\t\t\t<div class=\"elementor-element elementor-element-de400a4 elementor-widget elementor-widget-image\" data-id=\"de400a4\" data-element_type=\"widget\" data-widget_type=\"image.default\">\n\t\t\t\t<div class=\"elementor-widget-container\">\n\t\t\t\t\t\t\t\t\t\t\t\t\t<img decoding=\"async\" width=\"1260\" height=\"1536\" src=\"https:\/\/fricheavenue.fr\/wp-content\/uploads\/2025\/01\/restaurant-pantin-pizzeria-pantin-bar-a-salade-pantin-friche-avenue-1260x1536.jpg\" class=\"attachment-1536x1536 size-1536x1536 wp-image-538\" alt=\"vitrine friche boutique pantin\" srcset=\"https:\/\/fricheavenue.fr\/wp-content\/uploads\/2025\/01\/restaurant-pantin-pizzeria-pantin-bar-a-salade-pantin-friche-avenue-1260x1536.jpg 1260w, https:\/\/fricheavenue.fr\/wp-content\/uploads\/2025\/01\/restaurant-pantin-pizzeria-pantin-bar-a-salade-pantin-friche-avenue-246x300.jpg 246w, https:\/\/fricheavenue.fr\/wp-content\/uploads\/2025\/01\/restaurant-pantin-pizzeria-pantin-bar-a-salade-pantin-friche-avenue-840x1024.jpg 840w, https:\/\/fricheavenue.fr\/wp-content\/uploads\/2025\/01\/restaurant-pantin-pizzeria-pantin-bar-a-salade-pantin-friche-avenue-768x936.jpg 768w, https:\/\/fricheavenue.fr\/wp-content\/uploads\/2025\/01\/restaurant-pantin-pizzeria-pantin-bar-a-salade-pantin-friche-avenue-1680x2048.jpg 1680w\" sizes=\"(max-width: 1260px) 100vw, 1260px\" \/>\t\t\t\t\t\t\t\t\t\t\t\t\t<\/div>\n\t\t\t\t<\/div>\n\t\t\t\t<\/div>\n\t\t<div class=\"elementor-element elementor-element-6d81f5d7 e-con-full e-flex e-con e-child\" data-id=\"6d81f5d7\" data-element_type=\"container\">\n\t\t\t\t<div class=\"elementor-element elementor-element-6124a2a4 elementor-icon-list--layout-traditional elementor-list-item-link-full_width elementor-widget elementor-widget-icon-list\" data-id=\"6124a2a4\" data-element_type=\"widget\" data-widget_type=\"icon-list.default\">\n\t\t\t\t<div class=\"elementor-widget-container\">\n\t\t\t<link rel=\"stylesheet\" href=\"https:\/\/fricheavenue.fr\/wp-content\/plugins\/elementor\/assets\/css\/widget-icon-list.min.css\">\t\t<ul class=\"elementor-icon-list-items\">\n\t\t\t\t\t\t\t<li class=\"elementor-icon-list-item\">\n\t\t\t\t\t\t\t\t\t\t<span class=\"elementor-icon-list-text\"><b>Address:<\/b> 155 avenue Jean Lolive, 93500 Pantin<\/span>\n\t\t\t\t\t\t\t\t\t<\/li>\n\t\t\t\t\t\t\t\t<li class=\"elementor-icon-list-item\">\n\t\t\t\t\t\t\t\t\t\t<span class=\"elementor-icon-list-text\"><b>Horaires:<\/b> Lundi au Vendredi 11h-15h puis 18h-22h<\/span>\n\t\t\t\t\t\t\t\t\t<\/li>\n\t\t\t\t\t\t\t\t<li class=\"elementor-icon-list-item\">\n\t\t\t\t\t\t\t\t\t\t<span class=\"elementor-icon-list-text\"><b>Email:<\/b> fricheavenue@gmail.com<\/span>\n\t\t\t\t\t\t\t\t\t<\/li>\n\t\t\t\t\t\t<\/ul>\n\t\t\t\t<\/div>\n\t\t\t\t<\/div>\n\t\t\t\t<\/div>\n\t\t\t\t\t<\/div>\n\t\t\t\t<\/div>\n\t\t\t\t<\/div>\n\t\t","protected":false},"excerpt":{"rendered":"<p>Contactez nous Nous serions ravis d&rsquo;avoir de vos nouvelles.N&rsquo;h\u00e9sitez pas \u00e0 nous contacter en utilisant les coordonn\u00e9es ci-dessous. Address: 155 avenue Jean Lolive, 93500 Pantin Horaires: Lundi au Vendredi 11h-15h puis 18h-22h Email: fricheavenue@gmail.com<\/p>\n","protected":false},"author":1,"featured_media":0,"parent":0,"menu_order":0,"comment_status":"closed","ping_status":"closed","template":"elementor_header_footer","meta":{"footnotes":""},"class_list":["post-15","page","type-page","status-publish","hentry"],"_links":{"self":[{"href":"https:\/\/fricheavenue.fr\/index.php\/wp-json\/wp\/v2\/pages\/15","targetHints":{"allow":["GET"]}}],"collection":[{"href":"https:\/\/fricheavenue.fr\/index.php\/wp-json\/wp\/v2\/pages"}],"about":[{"href":"https:\/\/fricheavenue.fr\/index.php\/wp-json\/wp\/v2\/types\/page"}],"author":[{"embeddable":true,"href":"https:\/\/fricheavenue.fr\/index.php\/wp-json\/wp\/v2\/users\/1"}],"replies":[{"embeddable":true,"href":"https:\/\/fricheavenue.fr\/index.php\/wp-json\/wp\/v2\/comments?post=15"}],"version-history":[{"count":27,"href":"https:\/\/fricheavenue.fr\/index.php\/wp-json\/wp\/v2\/pages\/15\/revisions"}],"predecessor-version":[{"id":770,"href":"https:\/\/fricheavenue.fr\/index.php\/wp-json\/wp\/v2\/pages\/15\/revisions\/770"}],"wp:attachment":[{"href":"https:\/\/fricheavenue.fr\/index.php\/wp-json\/wp\/v2\/media?parent=15"}],"curies":[{"name":"wp","href":"https:\/\/api.w.org\/{rel}","templated":true}]}}